{"id":31779,"date":"2024-03-14T09:56:24","date_gmt":"2024-03-14T08:56:24","guid":{"rendered":"https:\/\/carpasfiesta.com\/?page_id=31779"},"modified":"2024-03-14T09:57:58","modified_gmt":"2024-03-14T08:57:58","slug":"politica-de-cookies","status":"publish","type":"page","link":"https:\/\/carpasfiesta.com\/index.php\/politica-de-cookies\/","title":{"rendered":"3.- Pol\u00edtica de Cookies"},"content":{"rendered":"\n<p>Una cookie es un peque\u00f1o fichero de texto que se almacena en tu navegador cuando visitas casi cualquier p\u00e1gina web. Su utilidad es que la web sea capaz de recordar tu visita cuando vuelvas a navegar por esa p\u00e1gina. Las cookies suelen almacenar informaci\u00f3n de car\u00e1cter t\u00e9cnico, preferencias personales, personalizaci\u00f3n de contenidos, estad\u00edsticas de uso, enlaces a redes sociales, acceso a cuentas de usuario, etc. El objetivo de la cookie es adaptar el contenido de la web a tu perfil y necesidades, sin cookies los servicios ofrecidos por cualquier p\u00e1gina se ver\u00edan mermados notablemente. Si deseas consultar m\u00e1s informaci\u00f3n sobre qu\u00e9 son las cookies, qu\u00e9 almacenan, c\u00f3mo eliminarlas, desactivarlas, etc., le rogamos se dirija a este&nbsp;<a href=\"https:\/\/ecocarpas.com\/cookies\/\">enlace.<\/a><\/p>\n\n\n\n<p><strong>Cookies utilizadas en este sitio web<\/strong><br>Siguiendo las directrices de la Agencia Espa\u00f1ola de Protecci\u00f3n de Datos procedemos a detallar el uso de cookies que hace esta web con el fin de informarte con la m\u00e1xima exactitud posible.<\/p>\n\n\n\n<p>Este sitio web utiliza las siguientes&nbsp;<strong>cookies propias<\/strong>:<\/p>\n\n\n\n<p>Cookies de sesi\u00f3n, para garantizar que los usuarios que escriban comentarios en la web\/ blog sean humanos y no aplicaciones automatizadas. De esta forma se combate el spam.<br>Este sitio web utiliza las siguientes&nbsp;<strong>cookies de terceros<\/strong>:<\/p>\n\n\n\n<ul class=\"wp-block-list\">\n<li>Google Analytics: Almacena cookies para poder elaborar estad\u00edsticas sobre el tr\u00e1fico y volumen de visitas de esta web. Al utilizar este sitio web est\u00e1s consintiendo el tratamiento de informaci\u00f3n acerca de ti, por Google. Por tanto, el ejercicio de cualquier derecho en este sentido deber\u00e1 hacerlo comunicando directamente con Google.<\/li>\n\n\n\n<li>Redes sociales: Cada red social utiliza sus propias cookies para que puedas pinchar en botones del tipo Me gusta o Compartir.<\/li>\n<\/ul>\n\n\n\n<p><strong>Desactivaci\u00f3n o eliminaci\u00f3n de cookies<\/strong><br>En cualquier momento podr\u00e1s ejercer tu derecho de desactivaci\u00f3n o eliminaci\u00f3n de cookies de este sitio web. Estas acciones se realizan de forma diferente en funci\u00f3n del navegador que est\u00e9s usando.<a href=\"https:\/\/ecocarpas.com\/cookies\/\">&nbsp;Aqu\u00ed le dejamos una gu\u00eda r\u00e1pida para los navegadores m\u00e1s populares.<\/a><\/p>\n\n\n\n<p><strong>Notas adicionales<\/strong><br>Ni esta web ni sus representantes legales se hacen responsables ni del contenido ni de la veracidad de las pol\u00edticas de privacidad que puedan tener los terceros mencionados en esta pol\u00edtica de cookies.<br>Los navegadores web son las herramientas encargadas de almacenar las cookies y desde este lugar debes efectuar tu derecho a eliminaci\u00f3n o desactivaci\u00f3n de las mismas. Ni esta web ni sus representantes legales pueden garantizar la correcta o incorrecta manipulaci\u00f3n de las cookies por parte de los mencionados navegadores.<br>En algunos casos es necesario instalar cookies para que el navegador no olvide su decisi\u00f3n de no aceptaci\u00f3n de las mismas.<br>En el caso de las cookies de Google Analytics, esta empresa almacena las cookies en servidores ubicados en Estados Unidos y se compromete a no compartirla con terceros, excepto en los casos en los que sea necesario para el funcionamiento del sistema o cuando la ley obligue a tal efecto. Seg\u00fan Google no guarda su direcci\u00f3n IP. Google Inc. es una compa\u00f1\u00eda adherida al Acuerdo de Puerto Seguro que garantiza que todos los datos transferidos ser\u00e1n tratados con un nivel de protecci\u00f3n acorde a la normativa europea. Puede consultar informaci\u00f3n detallada a este respecto en este enlace. Si desea informaci\u00f3n sobre el uso que Google da a las cookies le adjuntamos este otro enlace.<br>Para cualquier duda o consulta acerca de esta pol\u00edtica de cookies no dude en comunicarse con nosotros a trav\u00e9s de la secci\u00f3n de contacto.<\/p>\n","protected":false},"excerpt":{"rendered":"<p>Una cookie es un peque\u00f1o fichero de texto que se almacena en tu navegador cuando visitas casi cualquier p\u00e1gina web. Su utilidad es que la web sea capaz de recordar tu visita cuando vuelvas a navegar por esa p\u00e1gina. Las cookies suelen almacenar informaci\u00f3n de car\u00e1cter t\u00e9cnico, preferencias personales, personalizaci\u00f3n de contenidos, estad\u00edsticas de uso, [&hellip;]<\/p>\n","protected":false},"author":1,"featured_media":0,"parent":0,"menu_order":0,"comment_status":"closed","ping_status":"closed","template":"","meta":{"footnotes":""},"class_list":["post-31779","page","type-page","status-publish","hentry"],"_links":{"self":[{"href":"https:\/\/carpasfiesta.com\/index.php\/wp-json\/wp\/v2\/pages\/31779","targetHints":{"allow":["GET"]}}],"collection":[{"href":"https:\/\/carpasfiesta.com\/index.php\/wp-json\/wp\/v2\/pages"}],"about":[{"href":"https:\/\/carpasfiesta.com\/index.php\/wp-json\/wp\/v2\/types\/page"}],"author":[{"embeddable":true,"href":"https:\/\/carpasfiesta.com\/index.php\/wp-json\/wp\/v2\/users\/1"}],"replies":[{"embeddable":true,"href":"https:\/\/carpasfiesta.com\/index.php\/wp-json\/wp\/v2\/comments?post=31779"}],"version-history":[{"count":2,"href":"https:\/\/carpasfiesta.com\/index.php\/wp-json\/wp\/v2\/pages\/31779\/revisions"}],"predecessor-version":[{"id":31783,"href":"https:\/\/carpasfiesta.com\/index.php\/wp-json\/wp\/v2\/pages\/31779\/revisions\/31783"}],"wp:attachment":[{"href":"https:\/\/carpasfiesta.com\/index.php\/wp-json\/wp\/v2\/media?parent=31779"}],"curies":[{"name":"wp","href":"https:\/\/api.w.org\/{rel}","templated":true}]}}