{"id":31864,"date":"2024-05-14T18:05:52","date_gmt":"2024-05-14T16:05:52","guid":{"rendered":"https:\/\/carpasfiesta.com\/?page_id=31864"},"modified":"2024-05-14T18:08:10","modified_gmt":"2024-05-14T16:08:10","slug":"contacto","status":"publish","type":"page","link":"https:\/\/carpasfiesta.com\/index.php\/contacto\/","title":{"rendered":"Contacto"},"content":{"rendered":"\n<p><p>CONTACTA CON NOSTROS<\/p>\n<p>Ya sea que est\u00e9s buscando respuestas, te gustar\u00eda resolver un problema o simplemente quieres decirnos c\u00f3mo lo hicimos, lo encontrar\u00e1s.<\/p>\n<p>NUESTRA DIRECCI\u00d3N<\/p>\n<p>C\/Castillo de La Puebla, 2<br>30.170. MULA. Murcia<\/p>\n<p><span style=\"color: #333333;\"><strong>Email:<\/strong><\/span>&nbsp; ecocarpas@ecocarpas.com<br><span style=\"color: #333333;\"><strong>Phone:<\/strong><\/span>&nbsp; +34 968 66 11 34<br><strong>Whatsapp: <\/strong>+34 654 387 294<\/p>\n\n<div class=\"wpcf7 no-js\" id=\"wpcf7-f31863-o1\" lang=\"es-ES\" dir=\"ltr\" data-wpcf7-id=\"31863\">\n<div class=\"screen-reader-response\"><p role=\"status\" aria-live=\"polite\" aria-atomic=\"true\"><\/p> <ul><\/ul><\/div>\n<form action=\"\/index.php\/wp-json\/wp\/v2\/pages\/31864#wpcf7-f31863-o1\" method=\"post\" class=\"wpcf7-form init\" aria-label=\"Formulario de contacto\" novalidate=\"novalidate\" data-status=\"init\">\n<fieldset class=\"hidden-fields-container\"><input type=\"hidden\" name=\"_wpcf7\" value=\"31863\" \/><input type=\"hidden\" name=\"_wpcf7_version\" value=\"6.1.5\" \/><input type=\"hidden\" name=\"_wpcf7_locale\" value=\"es_ES\" \/><input type=\"hidden\" name=\"_wpcf7_unit_tag\" value=\"wpcf7-f31863-o1\" \/><input type=\"hidden\" name=\"_wpcf7_container_post\" value=\"0\" \/><input type=\"hidden\" name=\"_wpcf7_posted_data_hash\" value=\"\" \/><input type=\"hidden\" name=\"_wpcf7_recaptcha_response\" value=\"\" \/>\n<\/fieldset>\n<p><label> Tu nombre<br \/>\n<span class=\"wpcf7-form-control-wrap\" data-name=\"your-name\"><input size=\"40\" maxlength=\"400\" class=\"wpcf7-form-control wpcf7-text wpcf7-validates-as-required\" autocomplete=\"name\" aria-required=\"true\" aria-invalid=\"false\" value=\"\" type=\"text\" name=\"your-name\" \/><\/span> <\/label>\n<\/p>\n<p><label> Tu correo electr\u00f3nico<br \/>\n<span class=\"wpcf7-form-control-wrap\" data-name=\"your-email\"><input size=\"40\" maxlength=\"400\" class=\"wpcf7-form-control wpcf7-email wpcf7-validates-as-required wpcf7-text wpcf7-validates-as-email\" autocomplete=\"email\" aria-required=\"true\" aria-invalid=\"false\" value=\"\" type=\"email\" name=\"your-email\" \/><\/span> <\/label>\n<\/p>\n<p><label> Asunto<br \/>\n<span class=\"wpcf7-form-control-wrap\" data-name=\"your-subject\"><input size=\"40\" maxlength=\"400\" class=\"wpcf7-form-control wpcf7-text wpcf7-validates-as-required\" aria-required=\"true\" aria-invalid=\"false\" value=\"\" type=\"text\" name=\"your-subject\" \/><\/span> <\/label>\n<\/p>\n<p><label> Tu mensaje (opcional)<br \/>\n<span class=\"wpcf7-form-control-wrap\" data-name=\"your-message\"><textarea cols=\"40\" rows=\"10\" maxlength=\"2000\" class=\"wpcf7-form-control wpcf7-textarea\" aria-invalid=\"false\" name=\"your-message\"><\/textarea><\/span> <\/label><br \/>\n<!-- Campo honeypot oculto (protecci\u00f3n contra bots) --><br \/>\n<span id=\"wpcf7-69e03f5bf03e2-wrapper\" class=\"wpcf7-form-control-wrap email-confirm-wrap\" style=\"display:none !important; visibility:hidden !important;\"><label for=\"wpcf7-69e03f5bf03e2-field\" class=\"hp-message\">Por favor, deja este campo vac\u00edo.<\/label><input id=\"wpcf7-69e03f5bf03e2-field\"  class=\"wpcf7-form-control wpcf7-text\" type=\"text\" name=\"email-confirm\" value=\"\" size=\"40\" tabindex=\"-1\" autocomplete=\"new-password\" \/><\/span>\n<\/p>\n\n<!-- Pregunta de seguridad simple (opcional) -->\n<p><label> \u00bfCu\u00e1nto es 3 + 4?<br \/>\n<span class=\"wpcf7-form-control-wrap\" data-name=\"math-quiz\"><label><span class=\"wpcf7-quiz-label\">3 + 4 =<\/span> <input size=\"40\" class=\"wpcf7-form-control wpcf7-quiz\" autocomplete=\"off\" aria-required=\"true\" aria-invalid=\"false\" type=\"text\" name=\"math-quiz\" \/><\/label><input type=\"hidden\" name=\"_wpcf7_quiz_answer_math-quiz\" value=\"9a3d971b4441d8ddb83ae403aeeddace\" \/><\/span><br \/>\n<\/label>\n<\/p>\n<p><input class=\"wpcf7-form-control wpcf7-submit has-spinner\" type=\"submit\" value=\"Enviar\" \/>\n<\/p><div class=\"wpcf7-response-output\" aria-hidden=\"true\"><\/div>\n<\/form>\n<\/div>\n\n\n<h2 class=\"wp-block-post-title\">Contacto<\/h2>","protected":false},"excerpt":{"rendered":"<p>CONTACTA CON NOSTROS Ya sea que est\u00e9s buscando respuestas, te gustar\u00eda resolver un problema o simplemente quieres decirnos c\u00f3mo lo hicimos, lo encontrar\u00e1s. NUESTRA DIRECCI\u00d3N C\/Castillo de La Puebla, 230.170. MULA. Murcia Email:&nbsp; ecocarpas@ecocarpas.comPhone:&nbsp; +34 968 66 11 34Whatsapp: +34 654 387 294<\/p>\n","protected":false},"author":1,"featured_media":0,"parent":0,"menu_order":0,"comment_status":"closed","ping_status":"closed","template":"","meta":{"footnotes":""},"class_list":["post-31864","page","type-page","status-publish","hentry"],"_links":{"self":[{"href":"https:\/\/carpasfiesta.com\/index.php\/wp-json\/wp\/v2\/pages\/31864","targetHints":{"allow":["GET"]}}],"collection":[{"href":"https:\/\/carpasfiesta.com\/index.php\/wp-json\/wp\/v2\/pages"}],"about":[{"href":"https:\/\/carpasfiesta.com\/index.php\/wp-json\/wp\/v2\/types\/page"}],"author":[{"embeddable":true,"href":"https:\/\/carpasfiesta.com\/index.php\/wp-json\/wp\/v2\/users\/1"}],"replies":[{"embeddable":true,"href":"https:\/\/carpasfiesta.com\/index.php\/wp-json\/wp\/v2\/comments?post=31864"}],"version-history":[{"count":3,"href":"https:\/\/carpasfiesta.com\/index.php\/wp-json\/wp\/v2\/pages\/31864\/revisions"}],"predecessor-version":[{"id":31867,"href":"https:\/\/carpasfiesta.com\/index.php\/wp-json\/wp\/v2\/pages\/31864\/revisions\/31867"}],"wp:attachment":[{"href":"https:\/\/carpasfiesta.com\/index.php\/wp-json\/wp\/v2\/media?parent=31864"}],"curies":[{"name":"wp","href":"https:\/\/api.w.org\/{rel}","templated":true}]}}