{"id":1122,"date":"2024-03-11T21:31:58","date_gmt":"2024-03-11T20:31:58","guid":{"rendered":"https:\/\/carpasfiesta.com\/?post_type=product&#038;p=1122"},"modified":"2024-04-17T10:15:01","modified_gmt":"2024-04-17T08:15:01","slug":"carpa-3x4-basica-pe-blanca-con-ventanas-en-oferta","status":"publish","type":"product","link":"https:\/\/carpasfiesta.com\/index.php\/product\/carpa-3x4-basica-pe-blanca-con-ventanas-en-oferta\/","title":{"rendered":"Carpa 3X4 BASICA PE 450 Blanca con ventanas en OFERTA"},"content":{"rendered":"<p><strong>Usos \/ Utilidades de la carpa<\/strong><\/p>\n<p><strong>B\u00e1sicas PE\u00a0 \u00a1Carpas muy econ\u00f3micas y f\u00e1ciles de montar!<\/strong><\/p>\n<p><img loading=\"lazy\" decoding=\"async\" class=\"alignnone size-full wp-image-2426\" src=\"https:\/\/ecocarpas.com\/wp-content\/uploads\/2023\/02\/basica-pe.jpg\" alt=\"\" width=\"300\" height=\"196\" \/><\/p>\n<p>Carpas para fiesta (bodas comuniones..) para el jard\u00edn o la terraza<\/p>\n<ul>\n<li>Hermosa carpa de fiesta para el jard\u00edn, la terraza y otros eventos festivos<\/li>\n<li>Protecci\u00f3n contra el viento y la lluvia<\/li>\n<li>Sombra agradable durante el d\u00eda, sobre todo en verano, refugio en las noches de fr\u00edo<\/li>\n<li>Conveniente para m\u00faltiples ocasiones. Perfecto para clubes, empresas, mercados, bodas, cumplea\u00f1os, comuniones y otras celebraciones<\/li>\n<li>Flexible y v\u00e1lidas como refugio temporal, espacio de almacenamiento o como cubierta, por ejemplo, para su piscina<\/li>\n<\/ul>\n<p><strong>Construcci\u00f3n \/ Estructura<\/strong><\/p>\n<ul>\n<li>Conector \/ Juntas:\n<ul>\n<li>100% de acero inoxidable totalmente galvanizadas<\/li>\n<li>Di\u00e1metro: aprox.\u00a0<strong>42 mm<\/strong><\/li>\n<li>Espesor de la pared: aprox.\u00a0<strong>1,3mm<\/strong><\/li>\n<\/ul>\n<\/li>\n<li>Tubos:\n<ul>\n<li>100% de\u00a0<strong>acero galvanizado inoxidable<\/strong><\/li>\n<li>Di\u00e1metro: aprox.\u00a0<strong>38 mm<\/strong><\/li>\n<li>Espesor de la pared:\u00a0<strong>1,1 mm aprox.<\/strong><\/li>\n<\/ul>\n<\/li>\n<li><strong>Robusta construcci\u00f3n\u00a0<\/strong>de acero galvanizado inoxidable No es un simple recubrimiento<\/li>\n<li><strong>Conexiones\/juntas muy estables\u00a0<\/strong>atornilladas 50mm aprox. con un sistema f\u00e1cil de tuercas de mariposa resultado m\u00e1s estable y ajuste con las manos<\/li>\n<li><strong>Pletinas de soporte en la base\u00a0<\/strong>especiales para el suelo<\/li>\n<li><strong>Fijaci\u00f3n segura al suelo\u00a0<\/strong>con piquetes robustos a trav\u00e9s de las pletinas y tensores Todo incluido en el envi\u00f3<\/li>\n<li>A partir de carpas de 6m de anchura, techo m\u00e1s estable con\u00a0<strong>cables extra de acero aprox. \u00d8 5 mm<\/strong><\/li>\n<\/ul>\n<p><strong>\u00a0<\/strong><strong>Toldos y Lonas de la carpa<\/strong><\/p>\n<ul>\n<li>El techo est\u00e1 hecho de 450 N o aprox. 45 kg<sup>*25<\/sup>\u00a0seg\u00fan la norma DIN EN ISO 13934-1\u00a0y van con un cosido de doble refuerzo<\/li>\n<li>Resistente AV y a prueba de agua<\/li>\n<li>Ambiente clim\u00e1tico en el interior de la carpa\u00a0<strong>\u00f3ptimo para la salud y el bienestar<\/strong> Sin velcros o paneles laterales estancos que impidan la renovaci\u00f3n del ox\u00edgeno<\/li>\n<li>La lona del techo est\u00e1 hecha de una sola pieza, es un criterio importante que otorga una\u00a0<strong>estabilidad adicional<\/strong><\/li>\n<li>Los laterales van en una sola pieza.<\/li>\n<li>Sistema de cierre con velcro y el\u00e1sticos.<\/li>\n<li>Las entradas est\u00e1n provistos con un ancho especial y pueden ser enrolladas para facilitar la entrada<\/li>\n<li>Las entradas se abren y cierran mediante un\u00a0<strong>sistema de cremallera resistente<\/strong><\/li>\n<li><strong>Grandes ventanales<\/strong>(aprox.130x145cm) en cada panel lateral permitiendo una iluminaci\u00f3n \u00f3ptima en el interior y una visibilidad exterior<\/li>\n<li>Las ventanas est\u00e1n hechas de un material robusto de varias capas<\/li>\n<li>Todos los elementos de la lona incluyen la superposici\u00f3n en la parte inferior y puede ser fijadas con piquetes evitando as\u00ed la penetraci\u00f3n de corrientes de aire fr\u00edo y el ruido con el movimiento del viento<\/li>\n<\/ul>\n<p><strong>\u00a0<\/strong><strong>Incluido en la entrega<\/strong><\/p>\n<p>Los siguientes accesorios tambi\u00e9n se incluyen:<\/p>\n<ul>\n<li>Gomas el\u00e1sticas para sujetar las lonas<\/li>\n<li>Piquetes reforzados para anclar la estructura al suelo<\/li>\n<li>Piquetes normales para fijar las entradas y los laterales<\/li>\n<li>4 tensores con anclajes para la fijaci\u00f3n adicional al suelo<\/li>\n<li>Manual de instrucciones y cuidado de la carpa<\/li>\n<\/ul>\n<p><strong>Nota de las im\u00e1genes<\/strong><\/p>\n<p>Alguna imagen puede diferir con la carpa enviada, las calidades no.<\/p>\n","protected":false},"excerpt":{"rendered":"<p><strong>B\u00e1sicas PE 450 &#8211; \u00a1Carpas muy econ\u00f3micas y f\u00e1ciles de montar!<\/strong><\/p>\n<p><img loading=\"lazy\" decoding=\"async\" class=\"alignnone size-full wp-image-2426\" src=\"https:\/\/ecocarpas.com\/wp-content\/uploads\/2023\/02\/basica-pe.jpg\" alt=\"\" width=\"300\" height=\"196\" \/><img class=\"\" alt=\"\" width=\"\" height=\"\" \/><\/p>\n","protected":false},"featured_media":1152,"template":"","meta":[],"product_brand":[],"product_cat":[27],"product_tag":[21,22,23,24,25,26],"class_list":{"0":"post-1122","1":"product","2":"type-product","3":"status-publish","4":"has-post-thumbnail","6":"product_cat-basica-pe-carpas-fiesta","7":"product_tag-3x4","8":"product_tag-4x3","9":"product_tag-blanca","10":"product_tag-en-oferta","11":"product_tag-lona-de-pe","12":"product_tag-no-ignifuga","13":"pa_altura-lateral-2-0-m-altura-lateral","14":"pa_ancho-3m-ancho","15":"pa_color-blanca","16":"pa_estructura-eco-tubo-38-sin-refuerzos","17":"pa_fondo-4m-fondo","18":"pa_ignifuga-no-ignifuga","19":"pa_lona-lona-de-pe","21":"first","22":"instock","23":"sale","24":"taxable","25":"shipping-taxable","26":"purchasable","27":"product-type-simple"},"_links":{"self":[{"href":"https:\/\/carpasfiesta.com\/index.php\/wp-json\/wp\/v2\/product\/1122","targetHints":{"allow":["GET"]}}],"collection":[{"href":"https:\/\/carpasfiesta.com\/index.php\/wp-json\/wp\/v2\/product"}],"about":[{"href":"https:\/\/carpasfiesta.com\/index.php\/wp-json\/wp\/v2\/types\/product"}],"wp:featuredmedia":[{"embeddable":true,"href":"https:\/\/carpasfiesta.com\/index.php\/wp-json\/wp\/v2\/media\/1152"}],"wp:attachment":[{"href":"https:\/\/carpasfiesta.com\/index.php\/wp-json\/wp\/v2\/media?parent=1122"}],"wp:term":[{"taxonomy":"product_brand","embeddable":true,"href":"https:\/\/carpasfiesta.com\/index.php\/wp-json\/wp\/v2\/product_brand?post=1122"},{"taxonomy":"product_cat","embeddable":true,"href":"https:\/\/carpasfiesta.com\/index.php\/wp-json\/wp\/v2\/product_cat?post=1122"},{"taxonomy":"product_tag","embeddable":true,"href":"https:\/\/carpasfiesta.com\/index.php\/wp-json\/wp\/v2\/product_tag?post=1122"}],"curies":[{"name":"wp","href":"https:\/\/api.w.org\/{rel}","templated":true}]}}