{"id":1142,"date":"2024-03-11T21:31:59","date_gmt":"2024-03-11T20:31:59","guid":{"rendered":"https:\/\/carpasfiesta.com\/?post_type=product&#038;p=1142"},"modified":"2024-04-17T10:18:08","modified_gmt":"2024-04-17T08:18:08","slug":"carpa-6x8-eco-pvc-blanca-con-ventanas-en-oferta","status":"publish","type":"product","link":"https:\/\/carpasfiesta.com\/index.php\/product\/carpa-6x8-eco-pvc-blanca-con-ventanas-en-oferta\/","title":{"rendered":"Carpa 6X8 ECO PVC 700 Blanca con ventanas en OFERTA"},"content":{"rendered":"<p><strong>Usos \/ Utilidades de la carpa<\/strong><\/p>\n<p><strong>ECO PVC\u00a0 \u00a1Carpas econ\u00f3micas, estables y funcionales!<\/strong><\/p>\n<p><img loading=\"lazy\" decoding=\"async\" class=\"alignnone size-full wp-image-2427\" src=\"https:\/\/ecocarpas.com\/wp-content\/uploads\/2023\/02\/ecopvc.jpg\" alt=\"\" width=\"300\" height=\"196\" \/><\/p>\n<p>Transforme cualquier espacio en un lugar muy especial para sus fiestas y eventos<\/p>\n<ul>\n<li>Carpa de fiesta estilosa para su jard\u00edn y la terraza, v\u00e1lida tambi\u00e9n para piscinas<\/li>\n<li>Protecci\u00f3n contra el mal tiempo ya sea caluroso o tormentoso protege contra el sol y resguarda el roc\u00edo de la noche<\/li>\n<li>Ideal para eventos y celebraciones: bodas, cumplea\u00f1os, confirmaciones, etc.<\/li>\n<li>Perfecto para organizaciones: clubes, empresas y aut\u00f3nomos<\/li>\n<li>Usada tambi\u00e9n como lugar de atenci\u00f3n m\u00e9dica o refugio temporal, incluso como \u00e1rea de almacenamiento<\/li>\n<\/ul>\n<p><strong>Construcci\u00f3n \/ Estructura<\/strong><\/p>\n<p><strong>\u00a1La carpa permanece estable y segura!<\/strong><\/p>\n<p>Estabilidad y seguridad superior, estas carpas cumplen su funci\u00f3n.<\/p>\n<ul>\n<li>Tubos:\n<ul>\n<li><strong>100% acero galvanizado inoxidable<\/strong><\/li>\n<li>Di\u00e1metro:\u00a0<strong>38 mm aprox.<\/strong><\/li>\n<li>Espesor del canto:\u00a0<strong>1,1 mm aprox.<\/strong><\/li>\n<\/ul>\n<\/li>\n<li>Juntas \/ Conectores:\n<ul>\n<li><strong>100% de acero inoxidable<\/strong>, completamente galvanizado,<\/li>\n<li>Di\u00e1metro:\u00a0<strong>42 mm aprox.<\/strong><\/li>\n<li>Espesor del canto:\u00a0<strong>1,3 mm aprox.<\/strong><\/li>\n<\/ul>\n<\/li>\n<li><strong>Construcci\u00f3n robusta\u00a0<\/strong>con sistema sencillo de tuerca soldada a cruceta y c\u00e1ncamo roscado.<\/li>\n<li><strong>No\u00a0<\/strong>es un sistema barato de clic<\/li>\n<li><strong>Fijaci\u00f3n segura de la carpa al suelo\u00a0<\/strong><\/li>\n<\/ul>\n<p><strong>Toldos y Lonas de la carpa<\/strong><\/p>\n<p><strong>\u00a1Carpas con lonas del mismo material de los camiones!<\/strong><\/p>\n<p>Experimente agradables momentos protegido desde estas magn\u00edficas carpas<\/p>\n<ul>\n<li>Las lonas son de <strong>700 N o aprox. 70 kg<sup>*25<\/sup> seg\u00fan la norma DIN EN ISO 13934-1\u00a0en techo y 500 N o aprox. 70 kg<sup>*25<\/sup>\u00a0seg\u00fan la norma DIN EN ISO 13934-1 en laterales <\/strong>y cuentan con un tejido interior de rejilla reforzante, similar a una lona de los camiones<\/li>\n<li><strong>Resistencia a los rayos solares UV<\/strong><\/li>\n<li><strong>100% carpas impermeable\u00a0<\/strong>con costuras selladas en procesos de alta temperatura<\/li>\n<li>La estructura de la cubierta est\u00e1 hecha de una sola pieza, facilidad de montaje<\/li>\n<li>Sistema de cierre herm\u00e9tico de carpa por velcros<\/li>\n<li>Se pueden desmontar total o parcialmente las entradas de la carpa<\/li>\n<li class=\"bullit-item\">Deflectores de viento que quedan sobre el terreno para prevenir las corrientes y los movimientos no deseados de la lona<\/li>\n<li>La entrada frontal de diferentes tama\u00f1os con cierre de cremalleras resistente<\/li>\n<\/ul>\n<p><strong>\u00a0<\/strong><strong>Incluido en la entrega<\/strong><\/p>\n<p>Los siguientes accesorios tambi\u00e9n se incluyen:<\/p>\n<ul>\n<li>Gomas el\u00e1sticas para sujetar las lonas<\/li>\n<li>Piquetes reforzados para anclar la estructura al suelo<\/li>\n<li>Piquetes normales para fijar las entradas y los laterales<\/li>\n<li>4 tensores con anclajes para la fijaci\u00f3n adicional al suelo<\/li>\n<li>Manual de instrucciones y cuidado de la carpa<\/li>\n<\/ul>\n<p><strong>Nota de las im\u00e1genes<\/strong><\/p>\n<p>Alguna imagen puede diferir con la carpa enviada, las calidades no.<\/p>\n","protected":false},"excerpt":{"rendered":"<p><strong>ECO PVC 700\u00a0 \u00a1Carpas econ\u00f3micas, estables y funcionales!<\/strong><\/p>\n<p><img loading=\"lazy\" decoding=\"async\" class=\"alignnone size-full wp-image-2427\" src=\"https:\/\/ecocarpas.com\/wp-content\/uploads\/2023\/02\/ecopvc.jpg\" alt=\"\" width=\"300\" height=\"196\" \/><\/p>\n","protected":false},"featured_media":1215,"template":"","meta":[],"product_brand":[],"product_cat":[52],"product_tag":[48,49,23,24,54,26],"class_list":{"0":"post-1142","1":"product","2":"type-product","3":"status-publish","4":"has-post-thumbnail","6":"product_cat-eco-pvc","7":"product_tag-6x8","8":"product_tag-8x6","9":"product_tag-blanca","10":"product_tag-en-oferta","11":"product_tag-lona-de-pvc","12":"product_tag-no-ignifuga","13":"pa_altura-lateral-2-0-m-altura-lateral","14":"pa_ancho-6m-ancho","15":"pa_color-blanca","16":"pa_estructura-eco-tubo-38-sin-refuerzos","17":"pa_fondo-8m-fondo","18":"pa_ignifuga-no-ignifuga","19":"pa_lona-lona-de-pvc","21":"first","22":"instock","23":"sale","24":"taxable","25":"shipping-taxable","26":"purchasable","27":"product-type-simple"},"_links":{"self":[{"href":"https:\/\/carpasfiesta.com\/index.php\/wp-json\/wp\/v2\/product\/1142","targetHints":{"allow":["GET"]}}],"collection":[{"href":"https:\/\/carpasfiesta.com\/index.php\/wp-json\/wp\/v2\/product"}],"about":[{"href":"https:\/\/carpasfiesta.com\/index.php\/wp-json\/wp\/v2\/types\/product"}],"wp:featuredmedia":[{"embeddable":true,"href":"https:\/\/carpasfiesta.com\/index.php\/wp-json\/wp\/v2\/media\/1215"}],"wp:attachment":[{"href":"https:\/\/carpasfiesta.com\/index.php\/wp-json\/wp\/v2\/media?parent=1142"}],"wp:term":[{"taxonomy":"product_brand","embeddable":true,"href":"https:\/\/carpasfiesta.com\/index.php\/wp-json\/wp\/v2\/product_brand?post=1142"},{"taxonomy":"product_cat","embeddable":true,"href":"https:\/\/carpasfiesta.com\/index.php\/wp-json\/wp\/v2\/product_cat?post=1142"},{"taxonomy":"product_tag","embeddable":true,"href":"https:\/\/carpasfiesta.com\/index.php\/wp-json\/wp\/v2\/product_tag?post=1142"}],"curies":[{"name":"wp","href":"https:\/\/api.w.org\/{rel}","templated":true}]}}