{"id":1195,"date":"2024-03-11T21:32:29","date_gmt":"2024-03-11T20:32:29","guid":{"rendered":"https:\/\/carpasfiesta.com\/?post_type=product&#038;p=1195"},"modified":"2024-04-15T19:31:19","modified_gmt":"2024-04-15T17:31:19","slug":"carpa-8x16-max-pvc-3-0-ignifuga-blanca-con-ventanas","status":"publish","type":"product","link":"https:\/\/carpasfiesta.com\/index.php\/product\/carpa-8x16-max-pvc-3-0-ignifuga-blanca-con-ventanas\/","title":{"rendered":"Carpa 8&#215;16 MAX PVC 1400 3.0 IGNIFUGA Blanca con ventanas"},"content":{"rendered":"<p><strong>MAX PVC 1400 3.0 Ign\u00edfugas \u00a0&#8211; \u00a1Carpas muy resistentes, esbeltas, duraderas y resistentes al Fuego!<\/strong><\/p>\n<p><img loading=\"lazy\" decoding=\"async\" class=\"alignnone size-full wp-image-2433\" src=\"https:\/\/ecocarpas.com\/wp-content\/uploads\/2023\/02\/maxpvc30ign.jpg\" alt=\"\" width=\"300\" height=\"197\" \/><\/p>\n<p>Transforme cualquier espacio en un lugar muy especial para sus fiestas y eventos<\/p>\n<ul>\n<li>Carpas resistentes que impresionan a sus invitados por sus cualidades<\/li>\n<li>Carpa de fiesta estilos a para su jard\u00edn y la terraza, v\u00e1lida tambi\u00e9n para piscinas<\/li>\n<li>Protecci\u00f3n contra el mal tiempo &#8211; ya sea caluroso o tormentoso protege contra el sol y resguarda el roc\u00edo de la noche<\/li>\n<li>Ideal para eventos y celebraciones: bodas, cumplea\u00f1os, confirmaciones, etc.<\/li>\n<li>Perfecto para organizaciones: clubes, empresas y aut\u00f3nomos<\/li>\n<li>Usada tambi\u00e9n como lugar de atenci\u00f3n m\u00e9dica o refugio temporal, incluso como \u00e1rea de almacenamiento<\/li>\n<\/ul>\n<p><strong>Construcci\u00f3n \/ Estructura<\/strong><\/p>\n<p><strong>\u00a1La carpa permanece en pie!<\/strong><\/p>\n<p>Estabilidad y seguridad superior, estas carpas cumplen su funci\u00f3n.<\/p>\n<ul class=\"alias_kk_op\">\n<li>Tubos:\n<ul>\n<li><strong>100% acero galvanizado inoxidable<\/strong><\/li>\n<li>Di\u00e1metro: <strong>50\u00a0mm aprox. verticales \/ 38 mm horizontales\u00a0<\/strong><\/li>\n<li>Espesor del canto: <strong>1,6 mm aprox. vert. \/ 1,4 mm. aprox. horiz.<\/strong><\/li>\n<\/ul>\n<\/li>\n<li>Juntas \/ Conectores:\n<ul>\n<li><strong>100% de acero galvanizado inoxidable<\/strong><\/li>\n<li>Di\u00e1metro: <strong>54 mm aprox. verticales \/ 42\u00a0mm horizontales<\/strong><\/li>\n<li>Espesor del canto: <strong>1,7 mm aprox. vert. \/ 1,5 mm. aprox. horiz.<\/strong><\/li>\n<\/ul>\n<\/li>\n<li><strong>Refuerzo doble del techo<\/strong>, repercute fortaleciendo extraordinariamente la estabilidad de toda la carpa, la estructura soporta mayores presiones de carga<\/li>\n<li>Fortalecimiento de los laterales y fijaci\u00f3n al suelo de toda la estructura con un <strong>cuadro base perimetral 50&#215;25 mm<\/strong>, montable tambi\u00e9n parcialmente para facilitar la entrada<\/li>\n<li><strong>Construcci\u00f3n robusta<\/strong> con sistema sencillo de atornillado seguro de las piezas<\/li>\n<li>La estructura est\u00e1 reforzada a trav\u00e9s de <strong>juntas \/ conectores extrafuertes<\/strong><\/li>\n<li><strong>Fijaci\u00f3n segura al suelo de la carpa<\/strong> con estacas de tierra robustas y cinchas tensoras incluidas en el pedido<\/li>\n<\/ul>\n<p><strong>Toldos y Lonas de la carpa<\/strong><\/p>\n<p><strong>\u00a1Carpas con lonas del mismo material de los camiones!<\/strong><\/p>\n<p>Experimente agradables momentos protegido desde estas magn\u00edficas carpas<\/p>\n<ul class=\"alias_kk_op\">\n<li>Las lonas son de <strong>1400 N o aprox. 140 kg<sup>*25<\/sup> seg\u00fan la norma DIN EN ISO 13934-1 en techo y en laterales <\/strong>y cuentan con un tejido interior de rejilla reforzante, similar a una lona de los camiones<\/li>\n<li><strong>Resistencia a los rayos solares UV<\/strong><\/li>\n<li><strong>100% carpa impermeable<\/strong> con costuras selladas en procesos de alta temperatura<\/li>\n<li>La estructura de la cubierta est\u00e1 hecha de una sola pieza, facilidad de montaje<\/li>\n<li>Sistema de cerrado con velcro que permite un mejor aislamiento y protecci\u00f3n frente al viento<\/li>\n<li>Se pueden desmontar total o parcialmente las entradas de la carpa<\/li>\n<li>Deflectores de viento que quedan sobre el terreno para prevenir las corrientes y los movimientos no deseados de la lona<\/li>\n<li>La entrada frontal de diferentes tama\u00f1os con cierre de cremalleras resistente<\/li>\n<\/ul>\n<p><strong>Lona Ign\u00edfuga<\/strong><\/p>\n<p><span class=\"text\">Todas la lonas de la carpa est\u00e1n certificadas como ign\u00edfugas seg\u00fan la norma EN &#8211; 13501-1 (de 2016) *9) y, por lo tanto, es ign\u00edfuga &#8211; \u00a1perfecta para su uso en zonas p\u00fablicas!<\/span><\/p>\n<div class=\"mb-1\">\n<p><span class=\"text\">El certificado:<\/span><\/p>\n<ul class=\"\">\n<li class=\"text mb-2 list-disc ml-5\"><span class=\"text-black-60\">Cumple las normas actuales de la UE<\/span><\/li>\n<li class=\"text mb-2 list-disc ml-5\"><span class=\"text-black-60\">Le acepta en: D, F, GB, I, ES, PL, RO, NL, GR, P, B, CZ, HR, A, BG, DK, SE, HU, SK, FIN, IRL, LT, LV, EST, L<\/span><\/li>\n<li class=\"text mb-2 list-disc ml-5\"><span class=\"text-black-60\">Sustituye las normas antiguas: D \u2013 DIN 4102 \u2013 B1\/B2, I &#8211; UNI 8456, F \u2013 M2, DK, S, N \u2013 SIS 650082, CH \u2013 BKZ 5.2<\/span><\/li>\n<\/ul>\n<\/div>\n<p><img loading=\"lazy\" decoding=\"async\" class=\"alignnone size-medium wp-image-17779\" src=\"https:\/\/tucarpa.es\/wp-content\/uploads\/2022\/11\/TARP_FR1-300x225.jpg\" alt=\"\" width=\"300\" height=\"225\" \/><\/p>\n<p><strong>\u00a0<\/strong><strong>Incluido en la entrega<\/strong><\/p>\n<p>Los siguientes accesorios tambi\u00e9n se incluyen:<\/p>\n<ul>\n<li style=\"list-style-type: none;\">\n<ul>\n<li>Gomas el\u00e1sticas para sujetar las lonas<\/li>\n<li>Piquetes reforzados para anclar la estructura al suelo<\/li>\n<li>Piquetes normales para fijar las entradas y los laterales<\/li>\n<li>4 tensores con anclajes para la fijaci\u00f3n adicional al suelo<\/li>\n<\/ul>\n<\/li>\n<\/ul>\n<ul>\n<li>Manual de instrucciones y cuidado de la carpa<\/li>\n<\/ul>\n<p><strong>Nota de las im\u00e1genes<\/strong><\/p>\n<p>Alguna imagen puede diferir con la carpa enviada, las calidades no.<\/p>\n","protected":false},"excerpt":{"rendered":"<p><strong>MAX PVC 1400 3.0 IGNIFUGAS \u00a0&#8211; \u00a1Carpas muy resistentes, esbeltas, duraderas y resistentes al Fuego!<\/strong><\/p>\n<p><img loading=\"lazy\" decoding=\"async\" class=\"alignnone size-full wp-image-2433\" src=\"https:\/\/ecocarpas.com\/wp-content\/uploads\/2023\/02\/maxpvc30ign.jpg\" alt=\"\" width=\"300\" height=\"197\" \/><\/p>\n","protected":false},"featured_media":1268,"template":"","meta":[],"product_brand":[],"product_cat":[64],"product_tag":[65,66,23,24,54],"class_list":{"0":"post-1195","1":"product","2":"type-product","3":"status-publish","4":"has-post-thumbnail","6":"product_cat-max-pvc-3-0-ignifuga","7":"product_tag-16x8","8":"product_tag-8x16","9":"product_tag-blanca","10":"product_tag-en-oferta","11":"product_tag-lona-de-pvc","12":"pa_altura-lateral-3-0-m-altura-lateral","13":"pa_ancho-8m-ancho","14":"pa_color-blanca","15":"pa_estructura-max-tubo-50-38-con-refuerzos","16":"pa_fondo-16m-fondo","17":"pa_ignifuga-ignifuga","18":"pa_lona-lona-de-pvc","20":"first","21":"instock","22":"sale","23":"taxable","24":"shipping-taxable","25":"purchasable","26":"product-type-simple"},"_links":{"self":[{"href":"https:\/\/carpasfiesta.com\/index.php\/wp-json\/wp\/v2\/product\/1195","targetHints":{"allow":["GET"]}}],"collection":[{"href":"https:\/\/carpasfiesta.com\/index.php\/wp-json\/wp\/v2\/product"}],"about":[{"href":"https:\/\/carpasfiesta.com\/index.php\/wp-json\/wp\/v2\/types\/product"}],"wp:featuredmedia":[{"embeddable":true,"href":"https:\/\/carpasfiesta.com\/index.php\/wp-json\/wp\/v2\/media\/1268"}],"wp:attachment":[{"href":"https:\/\/carpasfiesta.com\/index.php\/wp-json\/wp\/v2\/media?parent=1195"}],"wp:term":[{"taxonomy":"product_brand","embeddable":true,"href":"https:\/\/carpasfiesta.com\/index.php\/wp-json\/wp\/v2\/product_brand?post=1195"},{"taxonomy":"product_cat","embeddable":true,"href":"https:\/\/carpasfiesta.com\/index.php\/wp-json\/wp\/v2\/product_cat?post=1195"},{"taxonomy":"product_tag","embeddable":true,"href":"https:\/\/carpasfiesta.com\/index.php\/wp-json\/wp\/v2\/product_tag?post=1195"}],"curies":[{"name":"wp","href":"https:\/\/api.w.org\/{rel}","templated":true}]}}