{"id":31816,"date":"2024-04-22T16:17:37","date_gmt":"2024-04-22T14:17:37","guid":{"rendered":"https:\/\/carpasfiesta.com\/?post_type=product&#038;p=31816"},"modified":"2024-04-22T16:17:37","modified_gmt":"2024-04-22T14:17:37","slug":"carpa-plegable-basica-3x6-sin-laterales-blanca","status":"publish","type":"product","link":"https:\/\/carpasfiesta.com\/index.php\/product\/carpa-plegable-basica-3x6-sin-laterales-blanca\/","title":{"rendered":"Carpa Plegable B\u00e1sica 3&#215;6 Sin laterales Blanca"},"content":{"rendered":"<h2>Carpa Plegable B\u00e1sica 3&#215;6 Sin Laterales<\/h2>\n<p>La Carpa Plegable 3&#215;6 sin laterales es perfecta para puestos de comida y eventos. Est\u00e1 disponible en color blanco. Incluye piquetas y vientos y est\u00e1 fabricada en PVC impermeable. Todas sus piezas son de acero y m\u00f3viles.<\/p>\n<h2>Caracter\u00edsticas y Especificaciones T\u00e9cnicas<\/h2>\n<ul>\n<li><strong>Dimensiones<\/strong>: La carpa tiene un ancho de 3 m, un largo de 6 m, una altura lateral ajustable de 1,90 a 2,20 m y una altura cumbre de 3,05 a 3,35 m. El peso total es de 42 kg.<\/li>\n<li><strong>Lona<\/strong>: La lona es de 420 D PVC Oxford, con un grosor de 0,25 a 0,28 mm y un gramaje de 320 gr\/m\u00b2. El fald\u00f3n del techo es de 30 cm, perfecto para serigrafiar con un logo o un r\u00f3tulo. Cuenta con un sistema de cerrado con velcro para un mejor aislamiento.<\/li>\n<li><strong>Estructura<\/strong>: La estructura de la carpa est\u00e1 fabricada con tubos de acero lacado en blanco de 30&#215;30 mm y un grosor de 0,6 mm.<\/li>\n<li><strong>Accesorios incluidos<\/strong>: La carpa incluye piquetas, vientos y una bolsa de transporte para facilitar su desplazamiento.<\/li>\n<\/ul>\n<h2>Dimensiones de los bultos<\/h2>\n<ul>\n<li>Bulto n.\u00ba 1: 149x30x20 cm<\/li>\n<\/ul>\n<h3>Uso y Conservaci\u00f3n<\/h3>\n<p>Las carpas plegables son ideales para situaciones que requieran montajes r\u00e1pidos y de corta duraci\u00f3n como mercadillos, puestos de venta ambulante, competiciones deportivas, excursiones o terrazas de bar. No requieren una instalaci\u00f3n compleja y pueden montarse y desmontarse r\u00e1pidamente. Incluyen una bolsa de transporte para facilitar su traslado.<\/p>\n<p>Algunos consejos para su conservaci\u00f3n y uso son:<\/p>\n<ul>\n<li>Si la carpa no se va a utilizar durante un periodo de tiempo largo se recomienda, antes de desmontarla y recogerla, que la lona se encuentre totalmente seca para evitar la formaci\u00f3n de moho o que la lona pueda sufrir da\u00f1os debido a la humedad acumulada. (Si la temperatura es bajo cero, se recomienda especial cuidado en su montaje o almacenamiento, ya que las bajas temperaturas pueden producir grietas en los laterales con ventanas u otras partes m\u00e1s delicadas de la lona).<\/li>\n<li>En casos de fuertes cambios de temperatura, se puede producir roc\u00edo o condensaci\u00f3n en el interior de la carpa, lo cual es un fen\u00f3meno normal, originado por las condiciones climatol\u00f3gicas del exterior, lo cual no implica que la carpa est\u00e9 goteando o que la lona pueda estar perforada.<\/li>\n<li>No se recomienda el montaje de la carpa cuando las condiciones meteorol\u00f3gicas previstas sean desfavorables, como viento fuerte o una lluvia o nieve intensa. En caso de que la carpa ya se encuentre montada, aconsejamos su desmontaje cuando las condiciones meteorol\u00f3gicas as\u00ed lo prevean, siendo responsabilidad del cliente asegurar la carpa de manera adecuada para evitar da\u00f1os a terceros.<\/li>\n<li>En caso de fuertes lluvias, el agua tiende a acumularse en el techo de la carpa. Para evitar roturas en la lona o da\u00f1os en la estructura, se recomienda revisar que el techo se encuentre completamente tenso para que el agua no se acumule y retirar dicho exceso para que el techo no soporte un peso superior al recomendado.<\/li>\n<li>En caso de nieve se debe proceder de igual forma, teniendo especial cuidado, ya que la nieve se acumula con mayor facilidad en el techo, pudiendo provocar importantes da\u00f1os en la estructura.<\/li>\n<\/ul>\n","protected":false},"excerpt":{"rendered":"<p>Las carpas plegables son ideales para situaciones que requieran montajes r\u00e1pidos y de corta duraci\u00f3n como mercadillos, puestos de venta ambulante, competiciones deportivas, excursiones o terrazas de bar. No requieren una instalaci\u00f3n compleja y pueden montarse y desmontarse r\u00e1pidamente. Incluyen una bolsa de transporte para facilitar su traslado.<\/p>\n","protected":false},"featured_media":31817,"template":"","meta":[],"product_brand":[],"product_cat":[115,114],"product_tag":[],"class_list":{"0":"post-31816","1":"product","2":"type-product","3":"status-publish","4":"has-post-thumbnail","6":"product_cat-basica","7":"product_cat-carpas-plegables","8":"pa_ancho-3m-ancho","9":"pa_color-blanca","10":"pa_fondo-6m-fondo","11":"pa_laterales-sin-laterales","13":"first","14":"instock","15":"sale","16":"taxable","17":"shipping-taxable","18":"purchasable","19":"product-type-simple"},"_links":{"self":[{"href":"https:\/\/carpasfiesta.com\/index.php\/wp-json\/wp\/v2\/product\/31816","targetHints":{"allow":["GET"]}}],"collection":[{"href":"https:\/\/carpasfiesta.com\/index.php\/wp-json\/wp\/v2\/product"}],"about":[{"href":"https:\/\/carpasfiesta.com\/index.php\/wp-json\/wp\/v2\/types\/product"}],"wp:featuredmedia":[{"embeddable":true,"href":"https:\/\/carpasfiesta.com\/index.php\/wp-json\/wp\/v2\/media\/31817"}],"wp:attachment":[{"href":"https:\/\/carpasfiesta.com\/index.php\/wp-json\/wp\/v2\/media?parent=31816"}],"wp:term":[{"taxonomy":"product_brand","embeddable":true,"href":"https:\/\/carpasfiesta.com\/index.php\/wp-json\/wp\/v2\/product_brand?post=31816"},{"taxonomy":"product_cat","embeddable":true,"href":"https:\/\/carpasfiesta.com\/index.php\/wp-json\/wp\/v2\/product_cat?post=31816"},{"taxonomy":"product_tag","embeddable":true,"href":"https:\/\/carpasfiesta.com\/index.php\/wp-json\/wp\/v2\/product_tag?post=31816"}],"curies":[{"name":"wp","href":"https:\/\/api.w.org\/{rel}","templated":true}]}}