{"id":31842,"date":"2024-04-22T19:39:54","date_gmt":"2024-04-22T17:39:54","guid":{"rendered":"https:\/\/carpasfiesta.com\/?post_type=product&#038;p=31842"},"modified":"2024-04-23T09:08:56","modified_gmt":"2024-04-23T07:08:56","slug":"carpa-plegable-basica-3x3-con-laterales-blanca-2","status":"publish","type":"product","link":"https:\/\/carpasfiesta.com\/index.php\/product\/carpa-plegable-basica-3x3-con-laterales-blanca-2\/","title":{"rendered":"Carpa Plegable B\u00e1sica 3&#215;3 Con laterales Blanca"},"content":{"rendered":"<h2>Carpa Plegable B\u00e1sica 3&#215;3 Con laterales<\/h2>\n<p>La Carpa Plegable B\u00e1sica 3&#215;3 con laterales es la opci\u00f3n ideal para actividades al aire libre, ya sea en la playa, camping, la terraza del jard\u00edn o eventos. Gracias a su dise\u00f1o f\u00e1cil de montar, es posible instalarla r\u00e1pidamente con solo dos personas, aunque tambi\u00e9n puede montarse por una sola persona siguiendo las instrucciones de montaje.<\/p>\n<h2>Caracter\u00edsticas y Especificaciones T\u00e9cnicas<\/h2>\n<ul>\n<li><strong>Dimensiones<\/strong>: Esta carpa tiene una anchura y un largo de 3 m, con una altura lateral ajustable de 1,90 a 2,20 m y una altura cumbre de 3,05 a 3,35 m. El peso total es de 34 kg.<\/li>\n<li><strong>Lona<\/strong>: La cubierta superior est\u00e1 fabricada en PVC Oxford con un gramaje de 320 gr\/m\u00b2. Los laterales tienen un gramaje de 150 gr\/m\u00b2. Incluye 4 laterales: uno con puerta de 80&#215;200 cm, otro con ventana fija transparente y dos laterales opacos. El fald\u00f3n del techo mide 30 cm y cuenta con un sistema de cerrado con velcro para un mejor aislamiento y protecci\u00f3n contra el viento.<\/li>\n<li><strong>Estructura<\/strong>: La estructura de la carpa est\u00e1 fabricada con tubos de acero lacado en blanco de 30&#215;30 mm y un grosor de 0,6 mm, lo que proporciona robustez y estabilidad a la carpa. Las piezas m\u00f3viles de la estructura tambi\u00e9n est\u00e1n hechas de acero.<\/li>\n<li><strong>Accesorios incluidos<\/strong>: La carpa incluye piquetas, vientos y una bolsa de transporte para facilitar su desplazamiento.<\/li>\n<\/ul>\n<h2>Dimensiones de los bultos<\/h2>\n<ul>\n<li>Bulto n\u00ba1: 149x23x22 cm<\/li>\n<li>Bulto n\u00ba2: 50x40x20 cm<\/li>\n<\/ul>\n<h2>Colores<\/h2>\n<p>Este producto est\u00e1 disponible en un solo color: Blanca<\/p>\n<h3>Informaci\u00f3n adicional<\/h3>\n<table>\n<tbody>\n<tr>\n<th>CARACTER\u00cdSTICA<\/th>\n<th>VALOR<\/th>\n<\/tr>\n<tr>\n<td>Dimensiones<\/td>\n<td>3&#215;3 m, Altura ajustable hasta 3,35 m<\/td>\n<\/tr>\n<tr>\n<td>Material<\/td>\n<td>Lona 302 D PVC Oxford en techo y 250 en laterales, Estructura de acero 30mm<\/td>\n<\/tr>\n<tr>\n<td>Peso<\/td>\n<td>34 kg<\/td>\n<\/tr>\n<tr>\n<td>Capacidad<\/td>\n<td>Adecuada para 2 mesas rectangulares de 1,80 m<\/td>\n<\/tr>\n<tr>\n<td>Incluye<\/td>\n<td>Piquetas, vientos y bolsa de transporte<\/td>\n<\/tr>\n<\/tbody>\n<\/table>\n<p>&nbsp;<\/p>\n","protected":false},"excerpt":{"rendered":"<p>La Carpa Plegable B\u00e1sica con laterales 3&#215;3 es una soluci\u00f3n pr\u00e1ctica y vers\u00e1til para tus d\u00edas al aire libre. F\u00e1cil de montar y desmontar, esta carpa de PVC Oxford incluye cuatro paredes laterales, piquetas y vientos. Mide 3&#215;3 m y tiene una capacidad para dos mesas rectangulares de 1,80 m.<\/p>\n","protected":false},"featured_media":31843,"template":"","meta":[],"product_brand":[],"product_cat":[115,114],"product_tag":[],"class_list":{"0":"post-31842","1":"product","2":"type-product","3":"status-publish","4":"has-post-thumbnail","6":"product_cat-basica","7":"product_cat-carpas-plegables","8":"pa_ancho-3m-ancho","9":"pa_color-blanca","10":"pa_fondo-3m-fondo","11":"pa_laterales-4-laterales","13":"first","14":"instock","15":"sale","16":"taxable","17":"shipping-taxable","18":"purchasable","19":"product-type-simple"},"_links":{"self":[{"href":"https:\/\/carpasfiesta.com\/index.php\/wp-json\/wp\/v2\/product\/31842","targetHints":{"allow":["GET"]}}],"collection":[{"href":"https:\/\/carpasfiesta.com\/index.php\/wp-json\/wp\/v2\/product"}],"about":[{"href":"https:\/\/carpasfiesta.com\/index.php\/wp-json\/wp\/v2\/types\/product"}],"wp:featuredmedia":[{"embeddable":true,"href":"https:\/\/carpasfiesta.com\/index.php\/wp-json\/wp\/v2\/media\/31843"}],"wp:attachment":[{"href":"https:\/\/carpasfiesta.com\/index.php\/wp-json\/wp\/v2\/media?parent=31842"}],"wp:term":[{"taxonomy":"product_brand","embeddable":true,"href":"https:\/\/carpasfiesta.com\/index.php\/wp-json\/wp\/v2\/product_brand?post=31842"},{"taxonomy":"product_cat","embeddable":true,"href":"https:\/\/carpasfiesta.com\/index.php\/wp-json\/wp\/v2\/product_cat?post=31842"},{"taxonomy":"product_tag","embeddable":true,"href":"https:\/\/carpasfiesta.com\/index.php\/wp-json\/wp\/v2\/product_tag?post=31842"}],"curies":[{"name":"wp","href":"https:\/\/api.w.org\/{rel}","templated":true}]}}